{"id":4336,"date":"2021-07-23T12:26:16","date_gmt":"2021-07-23T15:26:16","guid":{"rendered":"https:\/\/easytrainningchoice.digitalmindset.com.ar\/sobre-nosotros\/"},"modified":"2021-08-23T23:39:03","modified_gmt":"2021-08-24T02:39:03","slug":"sobre-nos","status":"publish","type":"page","link":"https:\/\/www.easytrainingchoice.com\/pt-br\/sobre-nos\/","title":{"rendered":"Sobre N\u00f3s"},"content":{"rendered":"<div id=\"wppb-builder-container\" class=\"wppb-builder-container\">                <div  class=\"wppb-row-parent  wppb-row-1624041764730 \"  >\n\t\t\t\t\t\n\t\t\t\t\t\t\t\t\t\t\n\t\t\t\t\t\t\t\t\t\t\n\t\t\t\t\t<div class=\"wppb-container \">\n\t\t\t\t\t\t\t\t\t\t\t\t\t\n                        <div class=\"wppb-row\">\n\t\t\t\t\t\t\t                                    <div  class=\"wppb-column-parent wppb-column-parent-view wppb-col-1624041764731  \"  >\n                                        <div class=\"wppb-column\">\n\t\t\t\t\t\n\t\t\t\t\t\t\t\t\t\t\t\n                                            <div class=\"wppb-builder-addons\">\n\t\t\t\t\t\t\t\t\t\t\t\t<div class='wppb-builder-addon wppb-addon-1624041764732'  data-addon-id='1624041764732'><div class='wppb-addon'><div class=\"wppb-text-block-addon\"><div class=\"wppb-text-block-content 0\"><h1>Sobre Nosotros<\/h1><\/div><\/div><\/div><\/div>                                            <\/div>\n                                        <\/div>\n                                    <\/div>\n\t\t\t\t\t\t\t\t\t                                    <div  class=\"wppb-column-parent wppb-column-parent-view wppb-col-1624041764733  \"  >\n                                        <div class=\"wppb-column\">\n\t\t\t\t\t\n\t\t\t\t\t\t\t\t\t\t\t\n                                            <div class=\"wppb-builder-addons\">\n\t\t\t\t\t\t\t\t\t\t\t\t<div class='wppb-builder-addon wppb-addon-1624041764734'  data-addon-id='1624041764734'><div class='wppb-addon'><div class=\"wppb-image-addon\"><figure class=\"wppb-image-addon-content-wrap\"><div class=\"wppb-image-addon-content wppb-imginlineblock\"><img decoding=\"async\" class=\"wppb-image-addon-img\" src=\"https:\/\/easytrainningchoice.digitalmindset.com.ar\/wp-content\/uploads\/2021\/06\/cuadritos-titulos.png\" alt=\"Image\"><\/div><\/figure><\/div><\/div><\/div>                                            <\/div>\n                                        <\/div>\n                                    <\/div>\n\t\t\t\t\t\t\t\t\t                        <\/div>\n\n                    <\/div>\n                <\/div>\n\t\t\t\t                <div  class=\"wppb-row-parent  wppb-row-1624041759131 \"  >\n\t\t\t\t\t\n\t\t\t\t\t\t\t\t\t\t\n\t\t\t\t\t\t\t\t\t\t\n\t\t\t\t\t<div class=\"wppb-container \">\n\t\t\t\t\t\t\t\t\t\t\t\t\t\n                        <div class=\"wppb-row\">\n\t\t\t\t\t\t\t                                    <div  class=\"wppb-column-parent wppb-column-parent-view wppb-col-1624041759129  \"  >\n                                        <div class=\"wppb-column\">\n\t\t\t\t\t\n\t\t\t\t\t\t\t\t\t\t\t\n                                            <div class=\"wppb-builder-addons\">\n\t\t\t\t\t\t\t\t\t\t\t\t<div class='wppb-builder-addon wppb-addon-1624042823636'  data-addon-id='1624042823636'><div class='wppb-addon'><div class=\"wppb-text-block-addon\"><div class=\"wppb-text-block-content 0\"><p><span style=\"font-weight: 400\">Somos uma empresa que fornece servi\u00e7os de consultoria para organiza\u00e7\u00f5es l\u00edderes que precisam aumentar a velocidade e efic\u00e1cia na ado\u00e7\u00e3o de novas tecnologias e melhorar a usabilidade de sistemas j\u00e1 implementados. Nossos escrit\u00f3rios est\u00e3o em <strong>Santiago, S\u00e3o Paulo Buenos Aires e Lima<\/strong>, e temos equipes nos principais pa\u00edses da <strong>Am\u00e9rica Latina<\/strong>. Os profissionais da Easy Training Choice conhecem as particularidades de cada ind\u00fastria e processos de Neg\u00f3cio afetados J\u00e1 preparamos mais de 100.000 usu\u00e1rios finais e 3.000 treinadores e agentes de mudan\u00e7a em companhias que utilizam <strong>SAP, Oracle, Salesforce<\/strong> e v\u00e1rias solu\u00e7\u00f5es digitais.<\/span><\/p><\/div><\/div><\/div><\/div>                                            <\/div>\n                                        <\/div>\n                                    <\/div>\n\t\t\t\t\t\t\t\t\t                        <\/div>\n\n                    <\/div>\n                <\/div>\n\t\t\t\t                <div  class=\"wppb-row-parent  wppb-row-1626727463017 \"  >\n\t\t\t\t\t\n\t\t\t\t\t\t\t\t\t\t\n\t\t\t\t\t\t\t\t\t\t\n\t\t\t\t\t<div class=\"wppb-container \">\n\t\t\t\t\t\t\t\t\t\t\t\t\t\n                        <div class=\"wppb-row\">\n\t\t\t\t\t\t\t                                    <div  class=\"wppb-column-parent wppb-column-parent-view wppb-col-1626727463015  \"  >\n                                        <div class=\"wppb-column\">\n\t\t\t\t\t\n\t\t\t\t\t\t\t\t\t\t\t\n                                            <div class=\"wppb-builder-addons\">\n\t\t\t\t\t\t\t\t\t\t\t\t<div class='wppb-builder-addon wppb-addon-1627043857760'  data-addon-id='1627043857760'><div class='wppb-addon'><div class=\"wppb-text-block-addon\"><div class=\"wppb-text-block-content 0\"><h3 style=\"text-align: center\"><span style=\"color: #ff6600\"><b>S\u00f3cios<\/b><\/span><\/h3><\/div><\/div><\/div><\/div>                                            <\/div>\n                                        <\/div>\n                                    <\/div>\n\t\t\t\t\t\t\t\t\t                        <\/div>\n\n                    <\/div>\n                <\/div>\n\t\t\t\t                <div  class=\"wppb-row-parent  wppb-row-1626727463182 \"  >\n\t\t\t\t\t\n\t\t\t\t\t\t\t\t\t\t\n\t\t\t\t\t\t\t\t\t\t\n\t\t\t\t\t<div class=\"wppb-container \">\n\t\t\t\t\t\t\t\t\t\t\t\t\t\n                        <div class=\"wppb-row\">\n\t\t\t\t\t\t\t                                    <div  class=\"wppb-column-parent wppb-column-parent-view wppb-col-1626727463183  \"  >\n                                        <div class=\"wppb-column\">\n\t\t\t\t\t\n\t\t\t\t\t\t\t\t\t\t\t\n                                            <div class=\"wppb-builder-addons\">\n\t\t\t\t\t\t\t\t\t\t\t\t<div class='wppb-builder-addon wppb-addon-1627043904403'  data-addon-id='1627043904403'><div class='wppb-addon'><div class=\"wppb-person-addon\"><div class=\"wppb-person-addon-content person-layout-four\"><div class=\"wppb-person-media\"><div class=\"wppb-person-image\"><img decoding=\"async\" class=\"wppb-person-addon-img\" src=\"https:\/\/easytrainningchoice.digitalmindset.com.ar\/wp-content\/uploads\/2021\/10\/7.jpg\" alt=\"Mart\u00edn Zaffignani\"><\/div><div class=\"wppb-person-media-body\"><div class=\"wppb-person-information\"><span class=\"wppb-person-name\">Mart\u00edn Zaffignani<\/span><span class=\"wppb-person-designation\">Managing Partner<\/span><\/div><ul class=\"wppb-person-social\"><li class=\"repeater-0\"><span class=\"wppb-person-social-list\"><a href=\"https:\/\/www.linkedin.com\/in\/mart%C3%ADn-zaffignani-7a68921\/\" target=\"_blank\"><i class=\"fab fa-linkedin\"><\/i><\/a><\/span><\/li><\/ul><\/div><\/div><\/div><\/div><\/div><\/div>                                            <\/div>\n                                        <\/div>\n                                    <\/div>\n\t\t\t\t\t\t\t\t\t                                    <div  class=\"wppb-column-parent wppb-column-parent-view wppb-col-1627043320287  \"  >\n                                        <div class=\"wppb-column\">\n\t\t\t\t\t\n\t\t\t\t\t\t\t\t\t\t\t\n                                            <div class=\"wppb-builder-addons\">\n\t\t\t\t\t\t\t\t\t\t\t\t<div class='wppb-builder-addon wppb-addon-1627043320378'  data-addon-id='1627043320378'><div class='wppb-addon'><div class=\"wppb-person-addon\"><div class=\"wppb-person-addon-content person-layout-four\"><div class=\"wppb-person-media\"><div class=\"wppb-person-image\"><img decoding=\"async\" class=\"wppb-person-addon-img\" src=\"https:\/\/easytrainningchoice.digitalmindset.com.ar\/wp-content\/uploads\/2021\/07\/matias.png\" alt=\"Matias Hunt\"><\/div><div class=\"wppb-person-media-body\"><div class=\"wppb-person-information\"><span class=\"wppb-person-name\">Matias Hunt<\/span><span class=\"wppb-person-designation\">Managing Partner<\/span><\/div><ul class=\"wppb-person-social\"><li class=\"repeater-0\"><span class=\"wppb-person-social-list\"><a href=\"https:\/\/www.linkedin.com\/in\/matiashunt\/\" target=\"_blank\"><i class=\"fab fa-linkedin\"><\/i><\/a><\/span><\/li><\/ul><\/div><\/div><\/div><\/div><\/div><\/div>                                            <\/div>\n                                        <\/div>\n                                    <\/div>\n\t\t\t\t\t\t\t\t\t                        <\/div>\n\n                    <\/div>\n                <\/div>\n\t\t\t\t                <div  class=\"wppb-row-parent  wppb-row-1627043320396 \"  >\n\t\t\t\t\t\n\t\t\t\t\t\t\t\t\t\t\n\t\t\t\t\t\t\t\t\t\t\n\t\t\t\t\t<div class=\"wppb-container \">\n\t\t\t\t\t\t\t\t\t\t\t\t\t\n                        <div class=\"wppb-row\">\n\t\t\t\t\t\t\t                                    <div  class=\"wppb-column-parent wppb-column-parent-view wppb-col-1627043320397  \"  >\n                                        <div class=\"wppb-column\">\n\t\t\t\t\t\n\t\t\t\t\t\t\t\t\t\t\t\n                                            <div class=\"wppb-builder-addons\">\n\t\t\t\t\t\t\t\t\t\t\t\t<div class='wppb-builder-addon wppb-addon-1627043320398'  data-addon-id='1627043320398'><div class='wppb-addon'><div class=\"wppb-text-block-addon\"><div class=\"wppb-text-block-content 0\"><h3 style=\"text-align: center\"><span style=\"color: #ff6600\">Gerentes<\/span><\/h3><\/div><\/div><\/div><\/div>                                            <\/div>\n                                        <\/div>\n                                    <\/div>\n\t\t\t\t\t\t\t\t\t                        <\/div>\n\n                    <\/div>\n                <\/div>\n\t\t\t\t                <div  class=\"wppb-row-parent  wppb-row-1627043320391 \"  >\n\t\t\t\t\t\n\t\t\t\t\t\t\t\t\t\t\n\t\t\t\t\t\t\t\t\t\t\n\t\t\t\t\t<div class=\"wppb-container \">\n\t\t\t\t\t\t\t\t\t\t\t\t\t\n                        <div class=\"wppb-row\">\n\t\t\t\t\t\t\t                                    <div  class=\"wppb-column-parent wppb-column-parent-view wppb-col-1627043320392  \"  >\n                                        <div class=\"wppb-column\">\n\t\t\t\t\t\n\t\t\t\t\t\t\t\t\t\t\t\n                                            <div class=\"wppb-builder-addons\">\n\t\t\t\t\t\t\t\t\t\t\t\t<div class='wppb-builder-addon wppb-addon-1627043320393'  data-addon-id='1627043320393'><div class='wppb-addon'><div class=\"wppb-person-addon\"><div class=\"wppb-person-addon-content person-layout-four\"><div class=\"wppb-person-media\"><div class=\"wppb-person-image\"><img decoding=\"async\" class=\"wppb-person-addon-img\" src=\"https:\/\/easytrainningchoice.digitalmindset.com.ar\/wp-content\/uploads\/2021\/07\/persona1.png\" alt=\"Alejandro San Jos\u00e9\"><\/div><div class=\"wppb-person-media-body\"><div class=\"wppb-person-information\"><span class=\"wppb-person-name\">Alejandro San Jos\u00e9<\/span><span class=\"wppb-person-designation\">Lider de Operaciones<\/span><\/div><ul class=\"wppb-person-social\"><li class=\"repeater-0\"><span class=\"wppb-person-social-list\"><a href=\"https:\/\/www.linkedin.com\/in\/alejandro-san-jos%C3%A9-5375241a\/\" target=\"_blank\"><i class=\"fab fa-linkedin\"><\/i><\/a><\/span><\/li><\/ul><\/div><\/div><\/div><\/div><\/div><\/div>                                            <\/div>\n                                        <\/div>\n                                    <\/div>\n\t\t\t\t\t\t\t\t\t                                    <div  class=\"wppb-column-parent wppb-column-parent-view wppb-col-1627043320464  \"  >\n                                        <div class=\"wppb-column\">\n\t\t\t\t\t\n\t\t\t\t\t\t\t\t\t\t\t\n                                            <div class=\"wppb-builder-addons\">\n\t\t\t\t\t\t\t\t\t\t\t\t<div class='wppb-builder-addon wppb-addon-1627043320465'  data-addon-id='1627043320465'><div class='wppb-addon'><div class=\"wppb-person-addon\"><div class=\"wppb-person-addon-content person-layout-four\"><div class=\"wppb-person-media\"><div class=\"wppb-person-image\"><img decoding=\"async\" class=\"wppb-person-addon-img\" src=\"https:\/\/easytrainningchoice.digitalmindset.com.ar\/wp-content\/uploads\/2021\/07\/persona2-b.jpeg\" alt=\"Marco J\u00falio Araujo\"><\/div><div class=\"wppb-person-media-body\"><div class=\"wppb-person-information\"><span class=\"wppb-person-name\">Marco J\u00falio Araujo<\/span><span class=\"wppb-person-designation\">Change Management and Training Senior Manager<\/span><\/div><ul class=\"wppb-person-social\"><li class=\"repeater-0\"><span class=\"wppb-person-social-list\"><a href=\"https:\/\/www.linkedin.com\/in\/marcojulio\/\" target=\"_blank\"><i class=\"fab fa-linkedin\"><\/i><\/a><\/span><\/li><\/ul><\/div><\/div><\/div><\/div><\/div><\/div>                                            <\/div>\n                                        <\/div>\n                                    <\/div>\n\t\t\t\t\t\t\t\t\t                                    <div  class=\"wppb-column-parent wppb-column-parent-view wppb-col-1627043320466  \"  >\n                                        <div class=\"wppb-column\">\n\t\t\t\t\t\n\t\t\t\t\t\t\t\t\t\t\t\n                                            <div class=\"wppb-builder-addons\">\n\t\t\t\t\t\t\t\t\t\t\t\t<div class='wppb-builder-addon wppb-addon-1627043320467'  data-addon-id='1627043320467'><div class='wppb-addon'><div class=\"wppb-person-addon\"><div class=\"wppb-person-addon-content person-layout-four\"><div class=\"wppb-person-media\"><div class=\"wppb-person-image\"><img decoding=\"async\" class=\"wppb-person-addon-img\" src=\"https:\/\/easytrainningchoice.digitalmindset.com.ar\/wp-content\/uploads\/2021\/07\/persona3.png\" alt=\"Sandra Saona Robles\"><\/div><div class=\"wppb-person-media-body\"><div class=\"wppb-person-information\"><span class=\"wppb-person-name\">Sandra Saona Robles<\/span><span class=\"wppb-person-designation\">Gerente de Change management<\/span><\/div><ul class=\"wppb-person-social\"><li class=\"repeater-0\"><span class=\"wppb-person-social-list\"><a href=\"https:\/\/www.linkedin.com\/in\/sandrasaona\/\" target=\"_blank\"><i class=\"fab fa-linkedin\"><\/i><\/a><\/span><\/li><\/ul><\/div><\/div><\/div><\/div><\/div><\/div>                                            <\/div>\n                                        <\/div>\n                                    <\/div>\n\t\t\t\t\t\t\t\t\t                        <\/div>\n\n                    <\/div>\n                <\/div>\n\t\t\t\t<\/div>","protected":false},"excerpt":{"rendered":"<p>Sobre Nosotros Somos uma empresa que fornece servi\u00e7os de consultoria para organiza\u00e7\u00f5es l\u00edderes que precisam aumentar a velocidade e efic\u00e1cia na ado\u00e7\u00e3o de novas tecnologias e melhorar a usabilidade de sistemas j\u00e1 implementados. Nossos escrit\u00f3rios est\u00e3o em Santiago, S\u00e3o Paulo Buenos Aires e Lima, e temos equipes nos principais pa\u00edses da Am\u00e9rica Latina. Os profissionais &hellip;<\/p>\n<p class=\"read-more\"> <a class=\"\" href=\"https:\/\/www.easytrainingchoice.com\/pt-br\/sobre-nos\/\"> <span class=\"screen-reader-text\">Sobre N\u00f3s<\/span> Leia mais &raquo;<\/a><\/p>\n","protected":false},"author":1,"featured_media":0,"parent":0,"menu_order":0,"comment_status":"closed","ping_status":"closed","template":"wppb_theme_template","meta":{"footnotes":""},"class_list":["post-4336","page","type-page","status-publish","hentry"],"yoast_head":"<!-- This site is optimized with the Yoast SEO Premium plugin v17.9 (Yoast SEO v17.9) - https:\/\/yoast.com\/wordpress\/plugins\/seo\/ -->\n<title>Sobre N\u00f3s - Easy Training Choice<\/title>\n<meta name=\"robots\" content=\"index, follow, max-snippet:-1, max-image-preview:large, max-video-preview:-1\" \/>\n<link rel=\"canonical\" href=\"https:\/\/www.easytrainingchoice.com\/pt-br\/sobre-nos\/\" \/>\n<meta property=\"og:locale\" content=\"pt_BR\" \/>\n<meta property=\"og:type\" content=\"article\" \/>\n<meta property=\"og:title\" content=\"Sobre N\u00f3s\" \/>\n<meta property=\"og:description\" content=\"Sobre Nosotros Somos uma empresa que fornece servi\u00e7os de consultoria para organiza\u00e7\u00f5es l\u00edderes que precisam aumentar a velocidade e efic\u00e1cia na ado\u00e7\u00e3o de novas tecnologias e melhorar a usabilidade de sistemas j\u00e1 implementados. Nossos escrit\u00f3rios est\u00e3o em Santiago, S\u00e3o Paulo Buenos Aires e Lima, e temos equipes nos principais pa\u00edses da Am\u00e9rica Latina. Os profissionais &hellip; Sobre N\u00f3s Leia mais &raquo;\" \/>\n<meta property=\"og:url\" content=\"https:\/\/www.easytrainingchoice.com\/pt-br\/sobre-nos\/\" \/>\n<meta property=\"og:site_name\" content=\"Easy Training Choice\" \/>\n<meta property=\"article:modified_time\" content=\"2021-08-24T02:39:03+00:00\" \/>\n<meta name=\"twitter:card\" content=\"summary_large_image\" \/>\n<script type=\"application\/ld+json\" class=\"yoast-schema-graph\">{\"@context\":\"https:\/\/schema.org\",\"@graph\":[{\"@type\":\"WebSite\",\"@id\":\"https:\/\/www.easytrainingchoice.com\/#website\",\"url\":\"https:\/\/www.easytrainingchoice.com\/\",\"name\":\"Easy Training Choice\",\"description\":\"Easy Training Choice Demo Site\",\"potentialAction\":[{\"@type\":\"SearchAction\",\"target\":{\"@type\":\"EntryPoint\",\"urlTemplate\":\"https:\/\/www.easytrainingchoice.com\/?s={search_term_string}\"},\"query-input\":\"required name=search_term_string\"}],\"inLanguage\":\"pt-BR\"},{\"@type\":\"WebPage\",\"@id\":\"https:\/\/www.easytrainingchoice.com\/pt-br\/sobre-nos\/#webpage\",\"url\":\"https:\/\/www.easytrainingchoice.com\/pt-br\/sobre-nos\/\",\"name\":\"Sobre N\\u00f3s - Easy Training Choice\",\"isPartOf\":{\"@id\":\"https:\/\/www.easytrainingchoice.com\/#website\"},\"datePublished\":\"2021-07-23T15:26:16+00:00\",\"dateModified\":\"2021-08-24T02:39:03+00:00\",\"breadcrumb\":{\"@id\":\"https:\/\/www.easytrainingchoice.com\/pt-br\/sobre-nos\/#breadcrumb\"},\"inLanguage\":\"pt-BR\",\"potentialAction\":[{\"@type\":\"ReadAction\",\"target\":[\"https:\/\/www.easytrainingchoice.com\/pt-br\/sobre-nos\/\"]}]},{\"@type\":\"BreadcrumbList\",\"@id\":\"https:\/\/www.easytrainingchoice.com\/pt-br\/sobre-nos\/#breadcrumb\",\"itemListElement\":[{\"@type\":\"ListItem\",\"position\":1,\"name\":\"Portada\",\"item\":\"https:\/\/www.easytrainingchoice.com\/pt-br\/\"},{\"@type\":\"ListItem\",\"position\":2,\"name\":\"Sobre N\\u00f3s\"}]}]}<\/script>\n<!-- \/ Yoast SEO Premium plugin. -->","yoast_head_json":{"title":"Sobre N\u00f3s - Easy Training Choice","robots":{"index":"index","follow":"follow","max-snippet":"max-snippet:-1","max-image-preview":"max-image-preview:large","max-video-preview":"max-video-preview:-1"},"canonical":"https:\/\/www.easytrainingchoice.com\/pt-br\/sobre-nos\/","og_locale":"pt_BR","og_type":"article","og_title":"Sobre N\u00f3s","og_description":"Sobre Nosotros Somos uma empresa que fornece servi\u00e7os de consultoria para organiza\u00e7\u00f5es l\u00edderes que precisam aumentar a velocidade e efic\u00e1cia na ado\u00e7\u00e3o de novas tecnologias e melhorar a usabilidade de sistemas j\u00e1 implementados. Nossos escrit\u00f3rios est\u00e3o em Santiago, S\u00e3o Paulo Buenos Aires e Lima, e temos equipes nos principais pa\u00edses da Am\u00e9rica Latina. Os profissionais &hellip; Sobre N\u00f3s Leia mais &raquo;","og_url":"https:\/\/www.easytrainingchoice.com\/pt-br\/sobre-nos\/","og_site_name":"Easy Training Choice","article_modified_time":"2021-08-24T02:39:03+00:00","twitter_card":"summary_large_image","schema":{"@context":"https:\/\/schema.org","@graph":[{"@type":"WebSite","@id":"https:\/\/www.easytrainingchoice.com\/#website","url":"https:\/\/www.easytrainingchoice.com\/","name":"Easy Training Choice","description":"Easy Training Choice Demo Site","potentialAction":[{"@type":"SearchAction","target":{"@type":"EntryPoint","urlTemplate":"https:\/\/www.easytrainingchoice.com\/?s={search_term_string}"},"query-input":"required name=search_term_string"}],"inLanguage":"pt-BR"},{"@type":"WebPage","@id":"https:\/\/www.easytrainingchoice.com\/pt-br\/sobre-nos\/#webpage","url":"https:\/\/www.easytrainingchoice.com\/pt-br\/sobre-nos\/","name":"Sobre N\u00f3s - Easy Training Choice","isPartOf":{"@id":"https:\/\/www.easytrainingchoice.com\/#website"},"datePublished":"2021-07-23T15:26:16+00:00","dateModified":"2021-08-24T02:39:03+00:00","breadcrumb":{"@id":"https:\/\/www.easytrainingchoice.com\/pt-br\/sobre-nos\/#breadcrumb"},"inLanguage":"pt-BR","potentialAction":[{"@type":"ReadAction","target":["https:\/\/www.easytrainingchoice.com\/pt-br\/sobre-nos\/"]}]},{"@type":"BreadcrumbList","@id":"https:\/\/www.easytrainingchoice.com\/pt-br\/sobre-nos\/#breadcrumb","itemListElement":[{"@type":"ListItem","position":1,"name":"Portada","item":"https:\/\/www.easytrainingchoice.com\/pt-br\/"},{"@type":"ListItem","position":2,"name":"Sobre N\u00f3s"}]}]}},"_links":{"self":[{"href":"https:\/\/www.easytrainingchoice.com\/pt-br\/wp-json\/wp\/v2\/pages\/4336","targetHints":{"allow":["GET"]}}],"collection":[{"href":"https:\/\/www.easytrainingchoice.com\/pt-br\/wp-json\/wp\/v2\/pages"}],"about":[{"href":"https:\/\/www.easytrainingchoice.com\/pt-br\/wp-json\/wp\/v2\/types\/page"}],"author":[{"embeddable":true,"href":"https:\/\/www.easytrainingchoice.com\/pt-br\/wp-json\/wp\/v2\/users\/1"}],"replies":[{"embeddable":true,"href":"https:\/\/www.easytrainingchoice.com\/pt-br\/wp-json\/wp\/v2\/comments?post=4336"}],"version-history":[{"count":1,"href":"https:\/\/www.easytrainingchoice.com\/pt-br\/wp-json\/wp\/v2\/pages\/4336\/revisions"}],"predecessor-version":[{"id":4365,"href":"https:\/\/www.easytrainingchoice.com\/pt-br\/wp-json\/wp\/v2\/pages\/4336\/revisions\/4365"}],"wp:attachment":[{"href":"https:\/\/www.easytrainingchoice.com\/pt-br\/wp-json\/wp\/v2\/media?parent=4336"}],"curies":[{"name":"wp","href":"https:\/\/api.w.org\/{rel}","templated":true}]}}